{"id":658,"date":"2022-02-20T05:44:47","date_gmt":"2022-02-20T05:44:47","guid":{"rendered":"https:\/\/startersites.io\/stagingthree\/?page_id=658"},"modified":"2025-05-22T05:05:04","modified_gmt":"2025-05-22T05:05:04","slug":"contact-2","status":"publish","type":"page","link":"https:\/\/www.agroport.uy\/?page_id=658","title":{"rendered":"Contacto"},"content":{"rendered":"\n<div class=\"wp-block-stackable-spacer stk-block-spacer stk--no-padding stk-block stk-6090630\" data-block-id=\"6090630\"><style>.stk-6090630 {height:130px !important;}@media screen and (max-width:999px){.stk-6090630 {height:80px !important;}}<\/style><\/div>\n\n\n\n<div class=\"wp-block-stackable-heading stk-block-heading stk-block-heading--v2 stk-block stk-41f6f5a\" id=\"informacion-de-contacto\" data-block-id=\"41f6f5a\"><style>.stk-41f6f5a {margin-bottom:16px !important;}.stk-41f6f5a .stk-block-heading__text{line-height:1.2em !important;}<\/style><h2 class=\"stk-block-heading__text has-text-align-center\">Informaci\u00f3n de Contacto<\/h2><\/div>\n\n\n\n<div class=\"wp-block-stackable-spacer stk-block-spacer stk--no-padding stk-block stk-54e71a5\" data-block-id=\"54e71a5\"><style>.stk-54e71a5 {height:70px !important;}@media screen and (max-width:999px){.stk-54e71a5 {height:50px !important;}}<\/style><\/div>\n\n\n\n<div class=\"wp-block-stackable-columns stk-block-columns stk-block stk-a5bc981\" data-block-id=\"a5bc981\"><style>.stk-a5bc981 {margin-bottom:0px !important;}.stk-a5bc981-column{--stk-column-gap:35px !important;row-gap:50px !important;}<\/style><div class=\"stk-row stk-inner-blocks stk-block-content stk-content-align stk-a5bc981-column\">\n<div class=\"wp-block-stackable-column stk-block-column stk-column stk-block stk-622c7a4 stk-block-background\" data-v=\"4\" data-block-id=\"622c7a4\"><style>.stk-622c7a4-container{margin-top:0px !important;margin-right:0px !important;margin-bottom:0px !important;margin-left:0px !important;}.stk-622c7a4 {background-color:var(--theme-palette-color-8, #ffffff) !important;border-radius:12px !important;overflow:hidden !important;box-shadow:0px 20px 80px 0px #6872791a !important;padding-top:35px !important;padding-right:35px !important;padding-bottom:50px !important;padding-left:35px !important;}.stk-622c7a4:before{background-color:var(--theme-palette-color-8, #ffffff) !important;}@media screen and (max-width:999px){.stk-622c7a4 {padding-top:35px !important;padding-right:35px !important;padding-bottom:35px !important;padding-left:35px !important;}}<\/style><div class=\"stk-column-wrapper stk-block-column__content stk-container stk-622c7a4-container stk--no-background stk--no-padding\"><div class=\"has-text-align-center stk-block-content stk-inner-blocks stk-622c7a4-inner-blocks\">\n<div class=\"wp-block-stackable-icon stk-block-icon has-text-align-center stk-block stk-ea85267\" data-block-id=\"ea85267\"><style>.stk-ea85267 {margin-bottom:25px !important;}.stk-ea85267 .stk--svg-wrapper .stk--inner-svg svg:last-child{height:30px !important;width:30px !important;}.stk-ea85267 .stk--svg-wrapper .stk--inner-svg svg:last-child, .stk-ea85267 .stk--svg-wrapper .stk--inner-svg svg:last-child :is(g, path, rect, polygon, ellipse){fill:var(--theme-palette-color-2, #f7b500) !important;}<\/style><span class=\"stk--svg-wrapper\"><div class=\"stk--inner-svg\"><svg style=\"height:0;width:0\"><defs><linearGradient id=\"linear-gradient-ea85267\" x1=\"0\" x2=\"100%\" y1=\"0\" y2=\"0\"><stop offset=\"0%\" style=\"stop-opacity:1;stop-color:var(--linear-gradient-ea-85267-color-1)\"><\/stop><stop offset=\"100%\" style=\"stop-opacity:1;stop-color:var(--linear-gradient-ea-85267-color-2)\"><\/stop><\/linearGradient><\/defs><\/svg><svg aria-hidden=\"true\" focusable=\"false\" data-prefix=\"fas\" data-icon=\"map-marker-alt\" class=\"svg-inline--fa fa-map-marker-alt fa-w-12\" xmlns=\"http:\/\/www.w3.org\/2000\/svg\" viewBox=\"0 0 384 512\" width=\"32\" height=\"32\"><path fill=\"currentColor\" d=\"M172.268 501.67C26.97 291.031 0 269.413 0 192 0 85.961 85.961 0 192 0s192 85.961 192 192c0 77.413-26.97 99.031-172.268 309.67-9.535 13.774-29.93 13.773-39.464 0zM192 272c44.183 0 80-35.817 80-80s-35.817-80-80-80-80 35.817-80 80 35.817 80 80 80z\"><\/path><\/svg><\/div><\/span><\/div>\n\n\n\n<div class=\"wp-block-stackable-heading stk-block-heading stk-block-heading--v2 stk-block stk-592ef48\" id=\"direccion-fisica\" data-block-id=\"592ef48\"><style>.stk-592ef48 {margin-bottom:8px !important;}<\/style><h5 class=\"stk-block-heading__text\">Direcci\u00f3n F\u00edsica<\/h5><\/div>\n\n\n\n<p class=\"has-text-align-center\">Cesar Cortinas 2037, 11500 Montevideo, Departamento de Montevideo, Uruguay<\/p>\n<\/div><\/div><\/div>\n\n\n\n<div class=\"wp-block-stackable-column stk-block-column stk-column stk-block stk-5dedb98 stk-block-background\" data-v=\"4\" data-block-id=\"5dedb98\"><style>.stk-5dedb98-container{margin-top:0px !important;margin-right:0px !important;margin-bottom:0px !important;margin-left:0px !important;}.stk-5dedb98 {background-color:var(--theme-palette-color-8, #ffffff) !important;border-radius:12px !important;overflow:hidden !important;box-shadow:0px 20px 80px 0px #6872791a !important;padding-top:35px !important;padding-right:35px !important;padding-bottom:50px !important;padding-left:35px !important;}.stk-5dedb98:before{background-color:var(--theme-palette-color-8, #ffffff) !important;}@media screen and (max-width:999px){.stk-5dedb98 {padding-top:35px !important;padding-right:35px !important;padding-bottom:35px !important;padding-left:35px !important;}}<\/style><div class=\"stk-column-wrapper stk-block-column__content stk-container stk-5dedb98-container stk--no-background stk--no-padding\"><div class=\"has-text-align-center stk-block-content stk-inner-blocks stk-5dedb98-inner-blocks\">\n<div class=\"wp-block-stackable-icon stk-block-icon has-text-align-center stk-block stk-a02b7b8\" data-block-id=\"a02b7b8\"><style>.stk-a02b7b8 {margin-bottom:25px !important;}.stk-a02b7b8 .stk--svg-wrapper .stk--inner-svg svg:last-child{height:30px !important;width:30px !important;}.stk-a02b7b8 .stk--svg-wrapper .stk--inner-svg svg:last-child, .stk-a02b7b8 .stk--svg-wrapper .stk--inner-svg svg:last-child :is(g, path, rect, polygon, ellipse){fill:var(--theme-palette-color-2, #f7b500) !important;}<\/style><span class=\"stk--svg-wrapper\"><div class=\"stk--inner-svg\"><svg style=\"height:0;width:0\"><defs><linearGradient id=\"linear-gradient-a02b7b8\" x1=\"0\" x2=\"100%\" y1=\"0\" y2=\"0\"><stop offset=\"0%\" style=\"stop-opacity:1;stop-color:var(--linear-gradient-a-02-b-7-b-8-color-1)\"><\/stop><stop offset=\"100%\" style=\"stop-opacity:1;stop-color:var(--linear-gradient-a-02-b-7-b-8-color-2)\"><\/stop><\/linearGradient><\/defs><\/svg><svg aria-hidden=\"true\" focusable=\"false\" data-prefix=\"fas\" data-icon=\"mobile\" class=\"svg-inline--fa fa-mobile fa-w-10\" xmlns=\"http:\/\/www.w3.org\/2000\/svg\" viewBox=\"0 0 320 512\" width=\"32\" height=\"32\"><path fill=\"currentColor\" d=\"M272 0H48C21.5 0 0 21.5 0 48v416c0 26.5 21.5 48 48 48h224c26.5 0 48-21.5 48-48V48c0-26.5-21.5-48-48-48zM160 480c-17.7 0-32-14.3-32-32s14.3-32 32-32 32 14.3 32 32-14.3 32-32 32z\"><\/path><\/svg><\/div><\/span><\/div>\n\n\n\n<div class=\"wp-block-stackable-heading stk-block-heading stk-block-heading--v2 stk-block stk-583731d\" id=\"telefono-email\" data-block-id=\"583731d\"><style>.stk-583731d {margin-bottom:8px !important;}<\/style><h5 class=\"stk-block-heading__text\">Tel\u00e9fono &#8211; Email<\/h5><\/div>\n\n\n\n<p class=\"has-text-align-center\">(+598) 99 095790<br>info@agroport.uy<\/p>\n<\/div><\/div><\/div>\n<\/div><\/div>\n\n\n\n<div class=\"wp-block-stackable-spacer stk-block-spacer stk--no-padding stk-block stk-6a8268d\" data-block-id=\"6a8268d\"><style>.stk-6a8268d {height:130px !important;}@media screen and (max-width:999px){.stk-6a8268d {height:80px !important;}}<\/style><\/div>\n\n\n\n<div class=\"wp-block-stackable-map stk-block-map stk-block stk-ac1a6bc stk-block-background\" data-block-id=\"ac1a6bc\"><style>.stk-ac1a6bc .stk-block-map__canvas, .stk-ac1a6bc iframe{height:495px !important;}<\/style><iframe\n\t\t\t\t\t\ttitle=\"Embedded content from Google Maps Platform.\"\n\t\t\t\t\t\tsrc=\"https:\/\/maps.google.com\/maps?q=esar Cortinas 2037, 11500 Montevideo, Departamento de Montevideo, Uruguay&#038;t=&#038;z=16&#038;ie=UTF8&#038;output=embed\"\n\t\t\t\t\t\tstyle=\"border:0;width:100%;max-width:none;max-height:none;height:100%;\"\n\t\t\t\t\t\taria-hidden=\"false\"\n\t\t\t\t\t\ttabIndex=\"0\"\n\t\t\t\t\t\tallowfullscreen\n\t\t\t\t\t\tloading=\"lazy\"\n\t\t\t\t\t\tframeBorder=\"0\"\n\t\t\t\t\t><\/iframe><\/div>\n\n\n\n<div class=\"wp-block-stackable-heading stk-block-heading stk-block-heading--v2 stk-block stk-45e6a53\" id=\"envianos-tus-comentarios\" data-block-id=\"45e6a53\"><style>.stk-45e6a53 {margin-bottom:16px !important;}.stk-45e6a53 .stk-block-heading__text{line-height:1.2em !important;}<\/style><h2 class=\"stk-block-heading__text has-text-align-center\">Env\u00edanos tus comentarios.<\/h2><\/div>\n\n\n\n<div class=\"wp-block-stackable-text stk-block-text stk-block stk-0ced47d\" data-block-id=\"0ced47d\"><style>.stk-0ced47d {margin-bottom:0px !important;}<\/style><p class=\"stk-block-text__text has-text-align-center\">\u00bfTen\u00e9s algo para contarnos? \u00a1Env\u00edanos tus comentarios y contactanos, nos encantar\u00e1 escucharte!<\/p><\/div>\n\n\n\n<div class=\"wp-block-stackable-spacer stk-block-spacer stk--no-padding stk-block stk-0285952\" data-block-id=\"0285952\"><style>.stk-0285952 {height:70px !important;}@media screen and (max-width:999px){.stk-0285952 {height:50px !important;}}<\/style><\/div>\n\n\n\n<div class=\"wp-block-stackable-columns stk-block-columns stk-block stk-0d2d598\" data-block-id=\"0d2d598\"><style>.stk-0d2d598 {margin-bottom:0px !important;}<\/style><div class=\"stk-row stk-inner-blocks stk-block-content stk-content-align stk-0d2d598-column\">\n<div class=\"wp-block-stackable-column stk-block-column stk-column stk-block stk-1bf830e\" data-v=\"4\" data-block-id=\"1bf830e\"><style>.stk-1bf830e-container{margin-top:0px !important;margin-right:auto !important;margin-bottom:0px !important;margin-left:auto !important;max-width:750px !important;min-width:auto !important;}<\/style><div class=\"stk-column-wrapper stk-block-column__content stk-container stk-1bf830e-container stk--no-background stk--no-padding\"><div class=\"stk-block-content stk-inner-blocks stk-1bf830e-inner-blocks\"><div class=\"wpforms-container wpforms-block wpforms-block-533942b9-01f9-40dc-8823-ca11f079d39e ct-wpforms wpforms-render-modern\" id=\"wpforms-485\"><form id=\"wpforms-form-485\" class=\"wpforms-validate wpforms-form\" data-formid=\"485\" method=\"post\" enctype=\"multipart\/form-data\" action=\"\/index.php?rest_route=%2Fwp%2Fv2%2Fpages%2F658\" data-token=\"f64c9c6a05eb08d36a3bd7b05431c703\" data-token-time=\"1777326599\"><noscript class=\"wpforms-error-noscript\">Please enable JavaScript in your browser to complete this form.<\/noscript><div class=\"wpforms-hidden\" id=\"wpforms-error-noscript\">Please enable JavaScript in your browser to complete this form.<\/div><div class=\"wpforms-field-container\"><div id=\"wpforms-485-field_0-container\" class=\"wpforms-field wpforms-field-name\" data-field-id=\"0\"><label class=\"wpforms-field-label\" for=\"wpforms-485-field_0\">Full Name <span class=\"wpforms-required-label\" aria-hidden=\"true\">*<\/span><\/label><input type=\"text\" id=\"wpforms-485-field_0\" class=\"wpforms-field-large wpforms-field-required\" name=\"wpforms[fields][0]\" aria-errormessage=\"wpforms-485-field_0-error\" required><\/div><div id=\"wpforms-485-field_1-container\" class=\"wpforms-field wpforms-field-email\" data-field-id=\"1\"><label class=\"wpforms-field-label\" for=\"wpforms-485-field_1\">Email Address <span class=\"wpforms-required-label\" aria-hidden=\"true\">*<\/span><\/label><input type=\"email\" id=\"wpforms-485-field_1\" class=\"wpforms-field-large wpforms-field-required\" name=\"wpforms[fields][1]\" spellcheck=\"false\" aria-errormessage=\"wpforms-485-field_1-error\" required><\/div><div id=\"wpforms-485-field_3-container\" class=\"wpforms-field wpforms-field-text\" data-field-id=\"3\"><label class=\"wpforms-field-label\" for=\"wpforms-485-field_3\">Subject <span class=\"wpforms-required-label\" aria-hidden=\"true\">*<\/span><\/label><input type=\"text\" id=\"wpforms-485-field_3\" class=\"wpforms-field-large wpforms-field-required\" name=\"wpforms[fields][3]\" aria-errormessage=\"wpforms-485-field_3-error\" required><\/div><div id=\"wpforms-485-field_2-container\" class=\"wpforms-field wpforms-field-textarea\" data-field-id=\"2\"><label class=\"wpforms-field-label\" for=\"wpforms-485-field_2\">Message <span class=\"wpforms-required-label\" aria-hidden=\"true\">*<\/span><\/label><textarea id=\"wpforms-485-field_2\" class=\"wpforms-field-medium wpforms-field-required\" name=\"wpforms[fields][2]\" aria-errormessage=\"wpforms-485-field_2-error\" required><\/textarea><\/div><\/div><!-- .wpforms-field-container --><div class=\"wpforms-field wpforms-field-hp\"><label for=\"wpforms-485-field-hp\" class=\"wpforms-field-label\">Phone<\/label><input type=\"text\" name=\"wpforms[hp]\" id=\"wpforms-485-field-hp\" class=\"wpforms-field-medium\"><\/div><div class=\"wpforms-submit-container\" ><input type=\"hidden\" name=\"wpforms[id]\" value=\"485\"><input type=\"hidden\" name=\"page_title\" value=\"\"><input type=\"hidden\" name=\"page_url\" value=\"https:\/\/www.agroport.uy\/index.php?rest_route=\/wp\/v2\/pages\/658\"><input type=\"hidden\" name=\"url_referer\" value=\"\"><button type=\"submit\" name=\"wpforms[submit]\" id=\"wpforms-submit-485\" class=\"wpforms-submit\" data-alt-text=\"Sending...\" data-submit-text=\"Send Message\" aria-live=\"assertive\" value=\"wpforms-submit\">Send Message<\/button><\/div><\/form><\/div>  <!-- .wpforms-container --><\/div><\/div><\/div>\n<\/div><\/div>\n\n\n\n<div class=\"wp-block-stackable-spacer stk-block-spacer stk--no-padding stk-block stk-448670c\" data-block-id=\"448670c\"><style>.stk-448670c {height:130px !important;}@media screen and (max-width:999px){.stk-448670c {height:80px !important;}}<\/style><\/div>\n","protected":false},"excerpt":{"rendered":"<p>Informaci\u00f3n de Contacto Direcci\u00f3n F\u00edsica Cesar Cortinas 2037, 11500 Montevideo, Departamento de Montevideo, Uruguay Tel\u00e9fono &#8211; Email (+598) 99 095790info@agroport.uy Env\u00edanos tus comentarios. \u00bfTen\u00e9s algo para contarnos? \u00a1Env\u00edanos tus comentarios y contactanos, nos encantar\u00e1 escucharte!<\/p>\n","protected":false},"author":2,"featured_media":991,"parent":0,"menu_order":0,"comment_status":"closed","ping_status":"closed","template":"","meta":{"footnotes":""},"class_list":["post-658","page","type-page","status-publish","has-post-thumbnail","hentry"],"blocksy_meta":{"styles_descriptor":{"styles":{"desktop":"","tablet":"","mobile":""},"google_fonts":[],"version":6}},"_links":{"self":[{"href":"https:\/\/www.agroport.uy\/index.php?rest_route=\/wp\/v2\/pages\/658","targetHints":{"allow":["GET"]}}],"collection":[{"href":"https:\/\/www.agroport.uy\/index.php?rest_route=\/wp\/v2\/pages"}],"about":[{"href":"https:\/\/www.agroport.uy\/index.php?rest_route=\/wp\/v2\/types\/page"}],"author":[{"embeddable":true,"href":"https:\/\/www.agroport.uy\/index.php?rest_route=\/wp\/v2\/users\/2"}],"replies":[{"embeddable":true,"href":"https:\/\/www.agroport.uy\/index.php?rest_route=%2Fwp%2Fv2%2Fcomments&post=658"}],"version-history":[{"count":1,"href":"https:\/\/www.agroport.uy\/index.php?rest_route=\/wp\/v2\/pages\/658\/revisions"}],"predecessor-version":[{"id":1049,"href":"https:\/\/www.agroport.uy\/index.php?rest_route=\/wp\/v2\/pages\/658\/revisions\/1049"}],"wp:featuredmedia":[{"embeddable":true,"href":"https:\/\/www.agroport.uy\/index.php?rest_route=\/wp\/v2\/media\/991"}],"wp:attachment":[{"href":"https:\/\/www.agroport.uy\/index.php?rest_route=%2Fwp%2Fv2%2Fmedia&parent=658"}],"curies":[{"name":"wp","href":"https:\/\/api.w.org\/{rel}","templated":true}]}}